{"id":1740,"date":"2020-03-20T22:23:01","date_gmt":"2020-03-20T21:23:01","guid":{"rendered":"http:\/\/merzbach.be\/?page_id=1740"},"modified":"2022-11-05T15:38:24","modified_gmt":"2022-11-05T14:38:24","slug":"galerie-photo","status":"publish","type":"page","link":"https:\/\/merzbach.be\/index.php\/galerie-photo\/","title":{"rendered":"Galerie photo"},"content":{"rendered":"","protected":false},"excerpt":{"rendered":"","protected":false},"author":1,"featured_media":0,"parent":0,"menu_order":0,"comment_status":"open","ping_status":"closed","template":"template-gallery.php","meta":[],"yoast_head":"<!-- This site is optimized with the Yoast SEO plugin v19.8 - https:\/\/yoast.com\/wordpress\/plugins\/seo\/ -->\n<title>Gallerie PHOTO | Merzbach .be<\/title>\n<meta name=\"description\" content=\"A travers ce site d\u00e9couvrez l&#039;histoire des origines Belgo Polonaise de la Famille Merzbach gr\u00e2ce aux photos et documents conserv\u00e9s au file du temps.\" \/>\n<meta name=\"robots\" content=\"index, follow, max-snippet:-1, max-image-preview:large, max-video-preview:-1\" \/>\n<link rel=\"canonical\" href=\"https:\/\/merzbach.be\/index.php\/galerie-photo\/\" \/>\n<meta property=\"og:locale\" content=\"en_US\" \/>\n<meta property=\"og:type\" content=\"article\" \/>\n<meta property=\"og:title\" content=\"Gallerie PHOTO | Merzbach .be\" \/>\n<meta property=\"og:description\" content=\"A travers ce site d\u00e9couvrez l&#039;histoire des origines Belgo Polonaise de la Famille Merzbach gr\u00e2ce aux photos et documents conserv\u00e9s au file du temps.\" \/>\n<meta property=\"og:url\" content=\"https:\/\/merzbach.be\/index.php\/galerie-photo\/\" \/>\n<meta property=\"og:site_name\" content=\"Merzbach\" \/>\n<meta property=\"article:modified_time\" content=\"2022-11-05T14:38:24+00:00\" \/>\n<meta name=\"twitter:card\" content=\"summary_large_image\" \/>\n<script type=\"application\/ld+json\" class=\"yoast-schema-graph\">{\"@context\":\"https:\/\/schema.org\",\"@graph\":[{\"@type\":\"WebPage\",\"@id\":\"https:\/\/merzbach.be\/index.php\/galerie-photo\/\",\"url\":\"https:\/\/merzbach.be\/index.php\/galerie-photo\/\",\"name\":\"Gallerie PHOTO | Merzbach .be\",\"isPartOf\":{\"@id\":\"https:\/\/merzbach.be\/#website\"},\"datePublished\":\"2020-03-20T21:23:01+00:00\",\"dateModified\":\"2022-11-05T14:38:24+00:00\",\"description\":\"A travers ce site d\u00e9couvrez l'histoire des origines Belgo Polonaise de la Famille Merzbach gr\u00e2ce aux photos et documents conserv\u00e9s au file du temps.\",\"breadcrumb\":{\"@id\":\"https:\/\/merzbach.be\/index.php\/galerie-photo\/#breadcrumb\"},\"inLanguage\":\"en-US\",\"potentialAction\":[{\"@type\":\"ReadAction\",\"target\":[\"https:\/\/merzbach.be\/index.php\/galerie-photo\/\"]}]},{\"@type\":\"BreadcrumbList\",\"@id\":\"https:\/\/merzbach.be\/index.php\/galerie-photo\/#breadcrumb\",\"itemListElement\":[{\"@type\":\"ListItem\",\"position\":1,\"name\":\"Accueil\",\"item\":\"https:\/\/merzbach.be\/\"},{\"@type\":\"ListItem\",\"position\":2,\"name\":\"Galerie photo\"}]},{\"@type\":\"WebSite\",\"@id\":\"https:\/\/merzbach.be\/#website\",\"url\":\"https:\/\/merzbach.be\/\",\"name\":\"Merzbach\",\"description\":\"Merzbach&#039;s Familly\",\"publisher\":{\"@id\":\"https:\/\/merzbach.be\/#\/schema\/person\/4fa577873e7be3faca897be81b348d63\"},\"potentialAction\":[{\"@type\":\"SearchAction\",\"target\":{\"@type\":\"EntryPoint\",\"urlTemplate\":\"https:\/\/merzbach.be\/?s={search_term_string}\"},\"query-input\":\"required name=search_term_string\"}],\"inLanguage\":\"en-US\"},{\"@type\":[\"Person\",\"Organization\"],\"@id\":\"https:\/\/merzbach.be\/#\/schema\/person\/4fa577873e7be3faca897be81b348d63\",\"name\":\"adrienmerzbach\",\"image\":{\"@type\":\"ImageObject\",\"inLanguage\":\"en-US\",\"@id\":\"https:\/\/merzbach.be\/#\/schema\/person\/image\/\",\"url\":\"https:\/\/merzbach.be\/wp-content\/uploads\/2020\/02\/Icone-du-site.png\",\"contentUrl\":\"https:\/\/merzbach.be\/wp-content\/uploads\/2020\/02\/Icone-du-site.png\",\"width\":512,\"height\":512,\"caption\":\"adrienmerzbach\"},\"logo\":{\"@id\":\"https:\/\/merzbach.be\/#\/schema\/person\/image\/\"}}]}<\/script>\n<!-- \/ Yoast SEO plugin. -->","yoast_head_json":{"title":"Gallerie PHOTO | Merzbach .be","description":"A travers ce site d\u00e9couvrez l'histoire des origines Belgo Polonaise de la Famille Merzbach gr\u00e2ce aux photos et documents conserv\u00e9s au file du temps.","robots":{"index":"index","follow":"follow","max-snippet":"max-snippet:-1","max-image-preview":"max-image-preview:large","max-video-preview":"max-video-preview:-1"},"canonical":"https:\/\/merzbach.be\/index.php\/galerie-photo\/","og_locale":"en_US","og_type":"article","og_title":"Gallerie PHOTO | Merzbach .be","og_description":"A travers ce site d\u00e9couvrez l'histoire des origines Belgo Polonaise de la Famille Merzbach gr\u00e2ce aux photos et documents conserv\u00e9s au file du temps.","og_url":"https:\/\/merzbach.be\/index.php\/galerie-photo\/","og_site_name":"Merzbach","article_modified_time":"2022-11-05T14:38:24+00:00","twitter_card":"summary_large_image","schema":{"@context":"https:\/\/schema.org","@graph":[{"@type":"WebPage","@id":"https:\/\/merzbach.be\/index.php\/galerie-photo\/","url":"https:\/\/merzbach.be\/index.php\/galerie-photo\/","name":"Gallerie PHOTO | Merzbach .be","isPartOf":{"@id":"https:\/\/merzbach.be\/#website"},"datePublished":"2020-03-20T21:23:01+00:00","dateModified":"2022-11-05T14:38:24+00:00","description":"A travers ce site d\u00e9couvrez l'histoire des origines Belgo Polonaise de la Famille Merzbach gr\u00e2ce aux photos et documents conserv\u00e9s au file du temps.","breadcrumb":{"@id":"https:\/\/merzbach.be\/index.php\/galerie-photo\/#breadcrumb"},"inLanguage":"en-US","potentialAction":[{"@type":"ReadAction","target":["https:\/\/merzbach.be\/index.php\/galerie-photo\/"]}]},{"@type":"BreadcrumbList","@id":"https:\/\/merzbach.be\/index.php\/galerie-photo\/#breadcrumb","itemListElement":[{"@type":"ListItem","position":1,"name":"Accueil","item":"https:\/\/merzbach.be\/"},{"@type":"ListItem","position":2,"name":"Galerie photo"}]},{"@type":"WebSite","@id":"https:\/\/merzbach.be\/#website","url":"https:\/\/merzbach.be\/","name":"Merzbach","description":"Merzbach&#039;s Familly","publisher":{"@id":"https:\/\/merzbach.be\/#\/schema\/person\/4fa577873e7be3faca897be81b348d63"},"potentialAction":[{"@type":"SearchAction","target":{"@type":"EntryPoint","urlTemplate":"https:\/\/merzbach.be\/?s={search_term_string}"},"query-input":"required name=search_term_string"}],"inLanguage":"en-US"},{"@type":["Person","Organization"],"@id":"https:\/\/merzbach.be\/#\/schema\/person\/4fa577873e7be3faca897be81b348d63","name":"adrienmerzbach","image":{"@type":"ImageObject","inLanguage":"en-US","@id":"https:\/\/merzbach.be\/#\/schema\/person\/image\/","url":"https:\/\/merzbach.be\/wp-content\/uploads\/2020\/02\/Icone-du-site.png","contentUrl":"https:\/\/merzbach.be\/wp-content\/uploads\/2020\/02\/Icone-du-site.png","width":512,"height":512,"caption":"adrienmerzbach"},"logo":{"@id":"https:\/\/merzbach.be\/#\/schema\/person\/image\/"}}]}},"_links":{"self":[{"href":"https:\/\/merzbach.be\/index.php\/wp-json\/wp\/v2\/pages\/1740"}],"collection":[{"href":"https:\/\/merzbach.be\/index.php\/wp-json\/wp\/v2\/pages"}],"about":[{"href":"https:\/\/merzbach.be\/index.php\/wp-json\/wp\/v2\/types\/page"}],"author":[{"embeddable":true,"href":"https:\/\/merzbach.be\/index.php\/wp-json\/wp\/v2\/users\/1"}],"replies":[{"embeddable":true,"href":"https:\/\/merzbach.be\/index.php\/wp-json\/wp\/v2\/comments?post=1740"}],"version-history":[{"count":4,"href":"https:\/\/merzbach.be\/index.php\/wp-json\/wp\/v2\/pages\/1740\/revisions"}],"predecessor-version":[{"id":13261,"href":"https:\/\/merzbach.be\/index.php\/wp-json\/wp\/v2\/pages\/1740\/revisions\/13261"}],"wp:attachment":[{"href":"https:\/\/merzbach.be\/index.php\/wp-json\/wp\/v2\/media?parent=1740"}],"curies":[{"name":"wp","href":"https:\/\/api.w.org\/{rel}","templated":true}]}}