{"id":13606,"date":"2022-11-14T17:30:10","date_gmt":"2022-11-14T16:30:10","guid":{"rendered":"https:\/\/merzbach.be\/?page_id=13606"},"modified":"2022-11-14T19:09:02","modified_gmt":"2022-11-14T18:09:02","slug":"presentation-video","status":"publish","type":"page","link":"https:\/\/merzbach.be\/index.php\/presentation-video\/","title":{"rendered":"Pr\u00e9sentation vid\u00e9o"},"content":{"rendered":"","protected":true},"excerpt":{"rendered":"","protected":true},"author":1,"featured_media":13582,"parent":0,"menu_order":0,"comment_status":"closed","ping_status":"closed","template":"","meta":[],"yoast_head":"<!-- This site is optimized with the Yoast SEO plugin v19.8 - https:\/\/yoast.com\/wordpress\/plugins\/seo\/ -->\n<title>Pr\u00e9sentation en vid\u00e9o | Merzbach .be<\/title>\n<meta name=\"description\" content=\"A travers ces vid\u00e9os d\u00e9couvrez l&#039;histoire des principales personnes de la famille Merzbach Belgo-Polonaise.\" \/>\n<meta name=\"robots\" content=\"index, follow, max-snippet:-1, max-image-preview:large, max-video-preview:-1\" \/>\n<link rel=\"canonical\" href=\"https:\/\/merzbach.be\/index.php\/presentation-video\/\" \/>\n<meta property=\"og:locale\" content=\"en_US\" \/>\n<meta property=\"og:type\" content=\"article\" \/>\n<meta property=\"og:title\" content=\"Pr\u00e9sentation en vid\u00e9o | Merzbach .be\" \/>\n<meta property=\"og:description\" content=\"A travers ces vid\u00e9os d\u00e9couvrez l&#039;histoire des principales personnes de la famille Merzbach Belgo-Polonaise.\" \/>\n<meta property=\"og:url\" content=\"https:\/\/merzbach.be\/index.php\/presentation-video\/\" \/>\n<meta property=\"og:site_name\" content=\"Merzbach\" \/>\n<meta property=\"article:modified_time\" content=\"2022-11-14T18:09:02+00:00\" \/>\n<meta name=\"twitter:card\" content=\"summary_large_image\" \/>\n<meta name=\"twitter:label1\" content=\"Est. reading time\" \/>\n\t<meta name=\"twitter:data1\" content=\"1 minute\" \/>\n<script type=\"application\/ld+json\" class=\"yoast-schema-graph\">{\"@context\":\"https:\/\/schema.org\",\"@graph\":[{\"@type\":\"WebPage\",\"@id\":\"https:\/\/merzbach.be\/index.php\/presentation-video\/\",\"url\":\"https:\/\/merzbach.be\/index.php\/presentation-video\/\",\"name\":\"Pr\u00e9sentation en vid\u00e9o | Merzbach .be\",\"isPartOf\":{\"@id\":\"https:\/\/merzbach.be\/#website\"},\"datePublished\":\"2022-11-14T16:30:10+00:00\",\"dateModified\":\"2022-11-14T18:09:02+00:00\",\"breadcrumb\":{\"@id\":\"https:\/\/merzbach.be\/index.php\/presentation-video\/#breadcrumb\"},\"inLanguage\":\"en-US\"},{\"@type\":\"WebSite\",\"@id\":\"https:\/\/merzbach.be\/#website\",\"url\":\"https:\/\/merzbach.be\/\",\"name\":\"Merzbach\",\"description\":\"Merzbach&#039;s Familly\",\"publisher\":{\"@id\":\"https:\/\/merzbach.be\/#\/schema\/person\/4fa577873e7be3faca897be81b348d63\"},\"potentialAction\":[{\"@type\":\"SearchAction\",\"target\":{\"@type\":\"EntryPoint\",\"urlTemplate\":\"https:\/\/merzbach.be\/?s={search_term_string}\"},\"query-input\":\"required name=search_term_string\"}],\"inLanguage\":\"en-US\"}]}<\/script>\n<!-- \/ Yoast SEO plugin. -->","yoast_head_json":{"title":"Pr\u00e9sentation en vid\u00e9o | Merzbach .be","description":"A travers ces vid\u00e9os d\u00e9couvrez l'histoire des principales personnes de la famille Merzbach Belgo-Polonaise.","robots":{"index":"index","follow":"follow","max-snippet":"max-snippet:-1","max-image-preview":"max-image-preview:large","max-video-preview":"max-video-preview:-1"},"canonical":"https:\/\/merzbach.be\/index.php\/presentation-video\/","og_locale":"en_US","og_type":"article","og_title":"Pr\u00e9sentation en vid\u00e9o | Merzbach .be","og_description":"A travers ces vid\u00e9os d\u00e9couvrez l'histoire des principales personnes de la famille Merzbach Belgo-Polonaise.","og_url":"https:\/\/merzbach.be\/index.php\/presentation-video\/","og_site_name":"Merzbach","article_modified_time":"2022-11-14T18:09:02+00:00","twitter_card":"summary_large_image","twitter_misc":{"Est. reading time":"1 minute"},"schema":{"@context":"https:\/\/schema.org","@graph":[{"@type":"WebPage","@id":"https:\/\/merzbach.be\/index.php\/presentation-video\/","url":"https:\/\/merzbach.be\/index.php\/presentation-video\/","name":"Pr\u00e9sentation en vid\u00e9o | Merzbach .be","isPartOf":{"@id":"https:\/\/merzbach.be\/#website"},"datePublished":"2022-11-14T16:30:10+00:00","dateModified":"2022-11-14T18:09:02+00:00","breadcrumb":{"@id":"https:\/\/merzbach.be\/index.php\/presentation-video\/#breadcrumb"},"inLanguage":"en-US"},{"@type":"WebSite","@id":"https:\/\/merzbach.be\/#website","url":"https:\/\/merzbach.be\/","name":"Merzbach","description":"Merzbach&#039;s Familly","publisher":{"@id":"https:\/\/merzbach.be\/#\/schema\/person\/4fa577873e7be3faca897be81b348d63"},"potentialAction":[{"@type":"SearchAction","target":{"@type":"EntryPoint","urlTemplate":"https:\/\/merzbach.be\/?s={search_term_string}"},"query-input":"required name=search_term_string"}],"inLanguage":"en-US"}]}},"_links":{"self":[{"href":"https:\/\/merzbach.be\/index.php\/wp-json\/wp\/v2\/pages\/13606"}],"collection":[{"href":"https:\/\/merzbach.be\/index.php\/wp-json\/wp\/v2\/pages"}],"about":[{"href":"https:\/\/merzbach.be\/index.php\/wp-json\/wp\/v2\/types\/page"}],"author":[{"embeddable":true,"href":"https:\/\/merzbach.be\/index.php\/wp-json\/wp\/v2\/users\/1"}],"replies":[{"embeddable":true,"href":"https:\/\/merzbach.be\/index.php\/wp-json\/wp\/v2\/comments?post=13606"}],"version-history":[{"count":14,"href":"https:\/\/merzbach.be\/index.php\/wp-json\/wp\/v2\/pages\/13606\/revisions"}],"predecessor-version":[{"id":13660,"href":"https:\/\/merzbach.be\/index.php\/wp-json\/wp\/v2\/pages\/13606\/revisions\/13660"}],"wp:featuredmedia":[{"embeddable":true,"href":"https:\/\/merzbach.be\/index.php\/wp-json\/wp\/v2\/media\/13582"}],"wp:attachment":[{"href":"https:\/\/merzbach.be\/index.php\/wp-json\/wp\/v2\/media?parent=13606"}],"curies":[{"name":"wp","href":"https:\/\/api.w.org\/{rel}","templated":true}]}}